{"id":67,"date":"2021-02-16T20:19:32","date_gmt":"2021-02-16T19:19:32","guid":{"rendered":"https:\/\/www.thomasfromm.de\/?page_id=67"},"modified":"2021-03-15T15:53:42","modified_gmt":"2021-03-15T14:53:42","slug":"exhibition","status":"publish","type":"page","link":"https:\/\/www.thomasfromm.de\/?page_id=67&lang=en","title":{"rendered":"Exhibition"},"content":{"rendered":"<h1>Exhibitions<\/h1>\n<p>(Solo) exhibitions and shared exhibitions in Berlin:<\/p>\n<p>Galerie in der Schwarzschen Villa;  Gro\u00dfe Steglitzer Kunstausstellung; Europ\u00e4isches Patentamt; Berolina Galerie Rathaus Berlin-Mitte; Psychiatrische Poliklinik der Charit\u00e9 Campus Berlin-Mitte; B\u00fcrgerhaus Gr\u00fcnau; Restaurant Pinelli; Waldhausklinik im Theodor Wenzel Werk; Kusian Wohnen + Galerie; Volksbank Berlin-Zehlendorf; Hofgarten Galerie Tegel; Freiwilligenagentur Oskar; Galerie am Amalienpark.<\/p>\n","protected":false},"excerpt":{"rendered":"<p>Exhibitions (Solo) exhibitions and shared exhibitions in Berlin: Galerie in der Schwarzschen Villa; Gro\u00dfe Steglitzer Kunstausstellung; Europ\u00e4isches Patentamt; Berolina Galerie Rathaus Berlin-Mitte; Psychiatrische Poliklinik der Charit\u00e9 Campus Berlin-Mitte; B\u00fcrgerhaus Gr\u00fcnau; Restaurant Pinelli; Waldhausklinik im Theodor Wenzel Werk; Kusian Wohnen + Galerie; Volksbank Berlin-Zehlendorf; Hofgarten Galerie&#46;&#46;&#46;<\/p>\n","protected":false},"author":1,"featured_media":0,"parent":0,"menu_order":0,"comment_status":"closed","ping_status":"closed","template":"","meta":{"footnotes":""},"class_list":["post-67","page","type-page","status-publish","hentry"],"_links":{"self":[{"href":"https:\/\/www.thomasfromm.de\/index.php?rest_route=\/wp\/v2\/pages\/67","targetHints":{"allow":["GET"]}}],"collection":[{"href":"https:\/\/www.thomasfromm.de\/index.php?rest_route=\/wp\/v2\/pages"}],"about":[{"href":"https:\/\/www.thomasfromm.de\/index.php?rest_route=\/wp\/v2\/types\/page"}],"author":[{"embeddable":true,"href":"https:\/\/www.thomasfromm.de\/index.php?rest_route=\/wp\/v2\/users\/1"}],"replies":[{"embeddable":true,"href":"https:\/\/www.thomasfromm.de\/index.php?rest_route=%2Fwp%2Fv2%2Fcomments&post=67"}],"version-history":[{"count":2,"href":"https:\/\/www.thomasfromm.de\/index.php?rest_route=\/wp\/v2\/pages\/67\/revisions"}],"predecessor-version":[{"id":772,"href":"https:\/\/www.thomasfromm.de\/index.php?rest_route=\/wp\/v2\/pages\/67\/revisions\/772"}],"wp:attachment":[{"href":"https:\/\/www.thomasfromm.de\/index.php?rest_route=%2Fwp%2Fv2%2Fmedia&parent=67"}],"curies":[{"name":"wp","href":"https:\/\/api.w.org\/{rel}","templated":true}]}}