{"id":608,"date":"2021-03-08T12:01:13","date_gmt":"2021-03-08T11:01:13","guid":{"rendered":"https:\/\/www.thomasfromm.de\/?page_id=608"},"modified":"2021-03-08T12:01:13","modified_gmt":"2021-03-08T11:01:13","slug":"meditation","status":"publish","type":"page","link":"https:\/\/www.thomasfromm.de\/?page_id=608","title":{"rendered":"Meditation"},"content":{"rendered":"<p>Meditation<\/p>\n<p>&nbsp;<\/p>\n<p>Ich wei\u00df um einen Ort den kann mir niemand nehmen<\/p>\n<p>Tief in mir erkenn\u00b4 ich ihn und kehr an ihn zur\u00fcck immer dann, wenn ich find in meiner Welt kein Gl\u00fcck.<\/p>\n<p>&nbsp;<\/p>\n<p>Ich wei\u00df um einen Ort den kann mir auch niemand stehlen<\/p>\n<p>Auch die vielen Gedanken und Fragen nicht auf deren Antworten ich gern verzicht\u00b4.<\/p>\n<p>&nbsp;<\/p>\n<p>Ich wei\u00df um einen Ort den kann ich deutlich sehen<\/p>\n<p>Der mir gibt dann die Gewissheit, dass sein kann alles am richt\u00b4gen Ort zur richt\u00b4gen Zeit.<\/p>\n<p>Ohne Wunsch und Begehren bin ich dann bereit zu v\u00f6lliger Zufriedenheit.<\/p>\n<p>&nbsp;<\/p>\n<p>Ich wei\u00df um einen Ort, der l\u00e4sst sich vielleicht auch ganz leicht finden.<\/p>\n<p>Mit ein wenig \u00dcbung, Mut, Geduld und Zeit meine ich zu gelangen dort hin was sich nennt das Jetzt und Hier;<\/p>\n<p>doch eigentlich will ich nur sein ganz nah\u00b4 bei Dir.<\/p>\n<p>&nbsp;<\/p>\n<p>Pfingsten 2020<\/p>\n","protected":false},"excerpt":{"rendered":"<p>Meditation &nbsp; Ich wei\u00df um einen Ort den kann mir niemand nehmen Tief in mir erkenn\u00b4 ich ihn und kehr an ihn zur\u00fcck immer dann, wenn ich find in meiner Welt kein Gl\u00fcck. &nbsp; Ich wei\u00df um einen Ort den kann mir auch niemand stehlen&#46;&#46;&#46;<\/p>\n","protected":false},"author":1,"featured_media":0,"parent":0,"menu_order":0,"comment_status":"closed","ping_status":"closed","template":"","meta":{"footnotes":""},"class_list":["post-608","page","type-page","status-publish","hentry"],"_links":{"self":[{"href":"https:\/\/www.thomasfromm.de\/index.php?rest_route=\/wp\/v2\/pages\/608","targetHints":{"allow":["GET"]}}],"collection":[{"href":"https:\/\/www.thomasfromm.de\/index.php?rest_route=\/wp\/v2\/pages"}],"about":[{"href":"https:\/\/www.thomasfromm.de\/index.php?rest_route=\/wp\/v2\/types\/page"}],"author":[{"embeddable":true,"href":"https:\/\/www.thomasfromm.de\/index.php?rest_route=\/wp\/v2\/users\/1"}],"replies":[{"embeddable":true,"href":"https:\/\/www.thomasfromm.de\/index.php?rest_route=%2Fwp%2Fv2%2Fcomments&post=608"}],"version-history":[{"count":1,"href":"https:\/\/www.thomasfromm.de\/index.php?rest_route=\/wp\/v2\/pages\/608\/revisions"}],"predecessor-version":[{"id":609,"href":"https:\/\/www.thomasfromm.de\/index.php?rest_route=\/wp\/v2\/pages\/608\/revisions\/609"}],"wp:attachment":[{"href":"https:\/\/www.thomasfromm.de\/index.php?rest_route=%2Fwp%2Fv2%2Fmedia&parent=608"}],"curies":[{"name":"wp","href":"https:\/\/api.w.org\/{rel}","templated":true}]}}