{"id":605,"date":"2021-03-08T11:59:43","date_gmt":"2021-03-08T10:59:43","guid":{"rendered":"https:\/\/www.thomasfromm.de\/?page_id=605"},"modified":"2021-03-08T11:59:43","modified_gmt":"2021-03-08T10:59:43","slug":"systemrelevanz","status":"publish","type":"page","link":"https:\/\/www.thomasfromm.de\/?page_id=605","title":{"rendered":"Systemrelevanz"},"content":{"rendered":"<p>Systemrelevanz<\/p>\n<p>&nbsp;<\/p>\n<p>Ein kleines St\u00fcckchen RNA<\/p>\n<p>welches ist verpackt in einem Virus<\/p>\n<p>macht vielleicht unsere K\u00f6pfe klar<\/p>\n<p>damit wir mal vergessen den ganzen Zirkus<\/p>\n<p>&nbsp;<\/p>\n<p>F\u00fcr die Einen ist es pure Angst<\/p>\n<p>F\u00fcr die Anderen ist es Freude, weil sie sind wie in den Ferien<\/p>\n<p>Es hat keinen Sinn, dass Du bangst<\/p>\n<p>Hoffen kannst Du jetzt nur auf das, was wird geredet in den Medien<\/p>\n<p>&nbsp;<\/p>\n<p>Drum gestalte den Tag, der Dir wurde heut\u00b4 geschenkt<\/p>\n<p>geh\u00b4 aus Dir raus und finde den N\u00e4chsten<\/p>\n<p>besinne Dich wer Dein Schicksal lenkt<\/p>\n<p>nur so geht die Rechnung auf am ehesten<\/p>\n<p>&nbsp;<\/p>\n<p>27.3.2020<\/p>\n","protected":false},"excerpt":{"rendered":"<p>Systemrelevanz &nbsp; Ein kleines St\u00fcckchen RNA welches ist verpackt in einem Virus macht vielleicht unsere K\u00f6pfe klar damit wir mal vergessen den ganzen Zirkus &nbsp; F\u00fcr die Einen ist es pure Angst F\u00fcr die Anderen ist es Freude, weil sie sind wie in den Ferien&#46;&#46;&#46;<\/p>\n","protected":false},"author":1,"featured_media":0,"parent":0,"menu_order":0,"comment_status":"closed","ping_status":"closed","template":"","meta":{"footnotes":""},"class_list":["post-605","page","type-page","status-publish","hentry"],"_links":{"self":[{"href":"https:\/\/www.thomasfromm.de\/index.php?rest_route=\/wp\/v2\/pages\/605","targetHints":{"allow":["GET"]}}],"collection":[{"href":"https:\/\/www.thomasfromm.de\/index.php?rest_route=\/wp\/v2\/pages"}],"about":[{"href":"https:\/\/www.thomasfromm.de\/index.php?rest_route=\/wp\/v2\/types\/page"}],"author":[{"embeddable":true,"href":"https:\/\/www.thomasfromm.de\/index.php?rest_route=\/wp\/v2\/users\/1"}],"replies":[{"embeddable":true,"href":"https:\/\/www.thomasfromm.de\/index.php?rest_route=%2Fwp%2Fv2%2Fcomments&post=605"}],"version-history":[{"count":1,"href":"https:\/\/www.thomasfromm.de\/index.php?rest_route=\/wp\/v2\/pages\/605\/revisions"}],"predecessor-version":[{"id":606,"href":"https:\/\/www.thomasfromm.de\/index.php?rest_route=\/wp\/v2\/pages\/605\/revisions\/606"}],"wp:attachment":[{"href":"https:\/\/www.thomasfromm.de\/index.php?rest_route=%2Fwp%2Fv2%2Fmedia&parent=605"}],"curies":[{"name":"wp","href":"https:\/\/api.w.org\/{rel}","templated":true}]}}