{"id":602,"date":"2021-03-08T11:52:09","date_gmt":"2021-03-08T10:52:09","guid":{"rendered":"https:\/\/www.thomasfromm.de\/?page_id=602"},"modified":"2021-03-08T11:52:09","modified_gmt":"2021-03-08T10:52:09","slug":"die-bakterien","status":"publish","type":"page","link":"https:\/\/www.thomasfromm.de\/?page_id=602","title":{"rendered":"Die Bakterien"},"content":{"rendered":"<p>Die Bakterien<\/p>\n<p>&nbsp;<\/p>\n<p>Es gibt auf unserem Planeten von ihnen fast unendlich viele<\/p>\n<p>Ihre Membranen, W\u00e4nde, Gei\u00dfeln, das sind nichts als Molek\u00fcle<\/p>\n<p>Sie leben fast \u00fcberall<\/p>\n<p>Tief in der Erde, im Wasser und vielleicht sogar im All<\/p>\n<p>Sie sind winzig klein<\/p>\n<p>Doch immer nur ein<\/p>\n<p>Und nur ein Mikroskop kann sie wirklich sehen<\/p>\n<p>Ohne dass sie gleich vergehen<\/p>\n<p>Sie ern\u00e4hren sich von Licht und Zucker<\/p>\n<p>Und vielem anderen noch, sogar von Milch und Butter<\/p>\n<p>Manche brauchen Sauerstoff, Nitrat oder Wasserstoff<\/p>\n<p>Aber auch hier, manches andere noch<\/p>\n<p>In ihren Zellen k\u00f6nnen sie viele Stoffe erschaffen<\/p>\n<p>Es ist schwer zu verstehen, warum sie das eigentlich machen<\/p>\n<p>Immer sich durch Teilung vermehrend<\/p>\n<p>k\u00f6nnen sie sein auch manchmal furchtbar verheerend<\/p>\n<p>Sie leben in gro\u00dfer Hitze, in extremer K\u00e4lte, in sauren Pf\u00fctzen und am Meeresgrund<\/p>\n<p>Manchmal in der Form von St\u00e4bchen, manchmal ellipsoid oder kugelrund<\/p>\n<p>Viele von ihnen ertragen also \u00e4u\u00dferst viel<\/p>\n<p>denn sie sind gebaut sehr stabil<\/p>\n<p>Es gibt sie schon seit undenklich langer Zeit<\/p>\n<p>Immer zur Ver\u00e4nderung bereit<\/p>\n<p>Sie bestehen aus Zuckern, S\u00e4uren, Fetten, Eiwei\u00df<\/p>\n<p>Warum aber wurden Sie gemacht? Damit ich das jetzt alles wei\u00df?<\/p>\n<p>Warum gibt es sie, die Pilze, Tiere und die Pflanzen, uns, die Planeten, Sonnen und das All?<\/p>\n<p>Einer muss es wissen, denn er machte ja den Knall<\/p>\n<p>Deshalb, frag nicht so viel, Du kommst doch nicht bis zum allerletzten Grunde<\/p>\n<p>Musst wohl an etwas glauben, willst Du nicht sein mit dem Nichts im Bunde<\/p>\n<p>&nbsp;<\/p>\n<p>Februar 2020<\/p>\n","protected":false},"excerpt":{"rendered":"<p>Die Bakterien &nbsp; Es gibt auf unserem Planeten von ihnen fast unendlich viele Ihre Membranen, W\u00e4nde, Gei\u00dfeln, das sind nichts als Molek\u00fcle Sie leben fast \u00fcberall Tief in der Erde, im Wasser und vielleicht sogar im All Sie sind winzig klein Doch immer nur ein&#46;&#46;&#46;<\/p>\n","protected":false},"author":1,"featured_media":0,"parent":0,"menu_order":0,"comment_status":"closed","ping_status":"closed","template":"","meta":{"footnotes":""},"class_list":["post-602","page","type-page","status-publish","hentry"],"_links":{"self":[{"href":"https:\/\/www.thomasfromm.de\/index.php?rest_route=\/wp\/v2\/pages\/602","targetHints":{"allow":["GET"]}}],"collection":[{"href":"https:\/\/www.thomasfromm.de\/index.php?rest_route=\/wp\/v2\/pages"}],"about":[{"href":"https:\/\/www.thomasfromm.de\/index.php?rest_route=\/wp\/v2\/types\/page"}],"author":[{"embeddable":true,"href":"https:\/\/www.thomasfromm.de\/index.php?rest_route=\/wp\/v2\/users\/1"}],"replies":[{"embeddable":true,"href":"https:\/\/www.thomasfromm.de\/index.php?rest_route=%2Fwp%2Fv2%2Fcomments&post=602"}],"version-history":[{"count":1,"href":"https:\/\/www.thomasfromm.de\/index.php?rest_route=\/wp\/v2\/pages\/602\/revisions"}],"predecessor-version":[{"id":603,"href":"https:\/\/www.thomasfromm.de\/index.php?rest_route=\/wp\/v2\/pages\/602\/revisions\/603"}],"wp:attachment":[{"href":"https:\/\/www.thomasfromm.de\/index.php?rest_route=%2Fwp%2Fv2%2Fmedia&parent=602"}],"curies":[{"name":"wp","href":"https:\/\/api.w.org\/{rel}","templated":true}]}}