{"id":593,"date":"2021-03-08T11:43:56","date_gmt":"2021-03-08T10:43:56","guid":{"rendered":"https:\/\/www.thomasfromm.de\/?page_id=593"},"modified":"2021-03-29T18:51:03","modified_gmt":"2021-03-29T16:51:03","slug":"das-suedseemaedchen-emil-nolde-i","status":"publish","type":"page","link":"https:\/\/www.thomasfromm.de\/?page_id=593","title":{"rendered":"Das S\u00fcdseem\u00e4dchen (Emil Nolde I)"},"content":{"rendered":"<p>Das S\u00fcdseem\u00e4dchen\u00a0 (Emil Nolde I)<img loading=\"lazy\" decoding=\"async\" class=\"wp-image-823 size-full alignright\" src=\"https:\/\/www.thomasfromm.de\/wp-content\/uploads\/2021\/03\/Nolde-Das-Suedseemaedchen.jpg\" alt=\"\" width=\"198\" height=\"255\" \/><\/p>\n<p>&nbsp;<\/p>\n<p>Goldig h\u00e4ngst Du an der Wand<\/p>\n<p>Kommst von weit her aus einem and\u00b4ren Land<\/p>\n<p>Vielleicht sich einer einst in Dich verliebt, der nicht konnte sein<\/p>\n<p>Und der dann traurig wurde, in seinem Herzen rein<\/p>\n<p>In eine kleine Kammer nun bist Du verband, l\u00e4chelst, w\u00e4hrend er vor sich davongerannt<\/p>\n<p>Drum f\u00e4ngt er an zu hassen, giert nach Ruhm und Geld, nun von Dir verlassen in seiner kalten Welt<\/p>\n<p>&nbsp;<\/p>\n<p>4.7.2020<\/p>\n","protected":false},"excerpt":{"rendered":"<p>Das S\u00fcdseem\u00e4dchen\u00a0 (Emil Nolde I) &nbsp; Goldig h\u00e4ngst Du an der Wand Kommst von weit her aus einem and\u00b4ren Land Vielleicht sich einer einst in Dich verliebt, der nicht konnte sein Und der dann traurig wurde, in seinem Herzen rein In eine kleine Kammer nun&#46;&#46;&#46;<\/p>\n","protected":false},"author":1,"featured_media":0,"parent":0,"menu_order":0,"comment_status":"closed","ping_status":"closed","template":"","meta":{"footnotes":""},"class_list":["post-593","page","type-page","status-publish","hentry"],"_links":{"self":[{"href":"https:\/\/www.thomasfromm.de\/index.php?rest_route=\/wp\/v2\/pages\/593","targetHints":{"allow":["GET"]}}],"collection":[{"href":"https:\/\/www.thomasfromm.de\/index.php?rest_route=\/wp\/v2\/pages"}],"about":[{"href":"https:\/\/www.thomasfromm.de\/index.php?rest_route=\/wp\/v2\/types\/page"}],"author":[{"embeddable":true,"href":"https:\/\/www.thomasfromm.de\/index.php?rest_route=\/wp\/v2\/users\/1"}],"replies":[{"embeddable":true,"href":"https:\/\/www.thomasfromm.de\/index.php?rest_route=%2Fwp%2Fv2%2Fcomments&post=593"}],"version-history":[{"count":3,"href":"https:\/\/www.thomasfromm.de\/index.php?rest_route=\/wp\/v2\/pages\/593\/revisions"}],"predecessor-version":[{"id":824,"href":"https:\/\/www.thomasfromm.de\/index.php?rest_route=\/wp\/v2\/pages\/593\/revisions\/824"}],"wp:attachment":[{"href":"https:\/\/www.thomasfromm.de\/index.php?rest_route=%2Fwp%2Fv2%2Fmedia&parent=593"}],"curies":[{"name":"wp","href":"https:\/\/api.w.org\/{rel}","templated":true}]}}