{"id":590,"date":"2021-03-08T11:39:39","date_gmt":"2021-03-08T10:39:39","guid":{"rendered":"https:\/\/www.thomasfromm.de\/?page_id=590"},"modified":"2021-03-08T11:39:39","modified_gmt":"2021-03-08T10:39:39","slug":"menschliches","status":"publish","type":"page","link":"https:\/\/www.thomasfromm.de\/?page_id=590","title":{"rendered":"Menschliches"},"content":{"rendered":"<p>Menschliches<\/p>\n<p>&nbsp;<\/p>\n<p>Auschwitz, das kenn\u00b4 ich aus dem Fernsehen, aus B\u00fcchern und vom H\u00f6rensagen<\/p>\n<p>Sah zwar das Gift und die \u00d6fen in Bergen Belsen, Ravensbr\u00fcck, Oranienburg, Gleis 17 und Yad Vashem,\u00a0 doch war nie selbst dort an diesem kalten Ort<\/p>\n<p>Will nun nichts mehr sehen noch h\u00f6ren, weil ich l\u00e4ngst wei\u00df, was ich nicht wissen kann<\/p>\n<p>Und will nicht mehr weinen, weil\u00b4s so grausam da und auch weil es gestern war.<\/p>\n<p>&nbsp;<\/p>\n<p>28.1.2020<\/p>\n","protected":false},"excerpt":{"rendered":"<p>Menschliches &nbsp; Auschwitz, das kenn\u00b4 ich aus dem Fernsehen, aus B\u00fcchern und vom H\u00f6rensagen Sah zwar das Gift und die \u00d6fen in Bergen Belsen, Ravensbr\u00fcck, Oranienburg, Gleis 17 und Yad Vashem,\u00a0 doch war nie selbst dort an diesem kalten Ort Will nun nichts mehr sehen&#46;&#46;&#46;<\/p>\n","protected":false},"author":1,"featured_media":0,"parent":0,"menu_order":0,"comment_status":"closed","ping_status":"closed","template":"","meta":{"footnotes":""},"class_list":["post-590","page","type-page","status-publish","hentry"],"_links":{"self":[{"href":"https:\/\/www.thomasfromm.de\/index.php?rest_route=\/wp\/v2\/pages\/590","targetHints":{"allow":["GET"]}}],"collection":[{"href":"https:\/\/www.thomasfromm.de\/index.php?rest_route=\/wp\/v2\/pages"}],"about":[{"href":"https:\/\/www.thomasfromm.de\/index.php?rest_route=\/wp\/v2\/types\/page"}],"author":[{"embeddable":true,"href":"https:\/\/www.thomasfromm.de\/index.php?rest_route=\/wp\/v2\/users\/1"}],"replies":[{"embeddable":true,"href":"https:\/\/www.thomasfromm.de\/index.php?rest_route=%2Fwp%2Fv2%2Fcomments&post=590"}],"version-history":[{"count":1,"href":"https:\/\/www.thomasfromm.de\/index.php?rest_route=\/wp\/v2\/pages\/590\/revisions"}],"predecessor-version":[{"id":591,"href":"https:\/\/www.thomasfromm.de\/index.php?rest_route=\/wp\/v2\/pages\/590\/revisions\/591"}],"wp:attachment":[{"href":"https:\/\/www.thomasfromm.de\/index.php?rest_route=%2Fwp%2Fv2%2Fmedia&parent=590"}],"curies":[{"name":"wp","href":"https:\/\/api.w.org\/{rel}","templated":true}]}}