{"id":572,"date":"2021-03-08T11:12:08","date_gmt":"2021-03-08T10:12:08","guid":{"rendered":"https:\/\/www.thomasfromm.de\/?page_id=572"},"modified":"2021-03-08T11:12:08","modified_gmt":"2021-03-08T10:12:08","slug":"das-geschenk-des-namens-stolperstein","status":"publish","type":"page","link":"https:\/\/www.thomasfromm.de\/?page_id=572","title":{"rendered":"Das Geschenk des Namens (Stolperstein)"},"content":{"rendered":"<p>Das Geschenk des Namens<\/p>\n<p>&nbsp;<\/p>\n<p>Ich laufe auf der Stra\u00dfe und es gl\u00e4nzt unter meinen F\u00fc\u00dfen<\/p>\n<p>Das Leid, die Verbrechen und der millionenfache Mord<\/p>\n<p>Bleibe stehen und will doch weiter, h\u00f6re einen Namen und sehe einen Ort<\/p>\n<p>Gehe zu ihm und find\u00b4 stattdessen mich, leise, ohn\u00b4 ein Wort<\/p>\n<p>&nbsp;<\/p>\n<p>28.1.2020<\/p>\n","protected":false},"excerpt":{"rendered":"<p>Das Geschenk des Namens &nbsp; Ich laufe auf der Stra\u00dfe und es gl\u00e4nzt unter meinen F\u00fc\u00dfen Das Leid, die Verbrechen und der millionenfache Mord Bleibe stehen und will doch weiter, h\u00f6re einen Namen und sehe einen Ort Gehe zu ihm und find\u00b4 stattdessen mich, leise,&#46;&#46;&#46;<\/p>\n","protected":false},"author":1,"featured_media":0,"parent":0,"menu_order":0,"comment_status":"closed","ping_status":"closed","template":"","meta":{"footnotes":""},"class_list":["post-572","page","type-page","status-publish","hentry"],"_links":{"self":[{"href":"https:\/\/www.thomasfromm.de\/index.php?rest_route=\/wp\/v2\/pages\/572","targetHints":{"allow":["GET"]}}],"collection":[{"href":"https:\/\/www.thomasfromm.de\/index.php?rest_route=\/wp\/v2\/pages"}],"about":[{"href":"https:\/\/www.thomasfromm.de\/index.php?rest_route=\/wp\/v2\/types\/page"}],"author":[{"embeddable":true,"href":"https:\/\/www.thomasfromm.de\/index.php?rest_route=\/wp\/v2\/users\/1"}],"replies":[{"embeddable":true,"href":"https:\/\/www.thomasfromm.de\/index.php?rest_route=%2Fwp%2Fv2%2Fcomments&post=572"}],"version-history":[{"count":1,"href":"https:\/\/www.thomasfromm.de\/index.php?rest_route=\/wp\/v2\/pages\/572\/revisions"}],"predecessor-version":[{"id":573,"href":"https:\/\/www.thomasfromm.de\/index.php?rest_route=\/wp\/v2\/pages\/572\/revisions\/573"}],"wp:attachment":[{"href":"https:\/\/www.thomasfromm.de\/index.php?rest_route=%2Fwp%2Fv2%2Fmedia&parent=572"}],"curies":[{"name":"wp","href":"https:\/\/api.w.org\/{rel}","templated":true}]}}